{"id":82,"date":"2015-10-15T16:47:00","date_gmt":"2015-10-15T15:47:00","guid":{"rendered":"http:\/\/koschwitz-consulting.de\/?page_id=82"},"modified":"2015-10-25T21:23:36","modified_gmt":"2015-10-25T20:23:36","slug":"meine-aktivitaeten-im-zdf","status":"publish","type":"page","link":"https:\/\/koschwitz-consulting.de\/?page_id=82","title":{"rendered":"Zertifikatslehrgang &#8218;Train-the-Trainer&#8216; (FH)"},"content":{"rendered":"<p><strong>QUALIFIZIERUNG ZUM TRAINER\/ZUR TRAINERIN<\/strong><\/p>\n<p>Der Zertifikatslehrgang \u201eTrain the Trainer (FH)\u201c hat das Ziel, Mitarbeiter\/-innen im Schulungsbereich von Unternehmen, Quereinsteiger und Lehrende, die sich selbstst\u00e4ndig machen wollen, mit dem professionellem Handwerkszeug auszustatten, das sie als TrainerInnen brauchen.<\/p>\n<p>Diue Ausbildung unterst\u00fctzt Absolventen darin, \u00a0Lernveranstaltungen und Seminare situationslogisch und zielgruppengerecht aufzubauen, Inhalte professionell zu pr\u00e4sentieren und trainieren. Sie lernen\u00a0unterschiedliche Formen der Gruppenmoderation anzuwenden und \u00a0die F\u00e4higkeit, Konflikte aufzugreifen und konstruktiv zu l\u00f6sen &#8211; und dies in einer systemisch orientierten, l\u00f6sungsfokussierten Haltung.<\/p>\n<p>Theoriephasen werden durch eigenst\u00e4ndig durchzuf\u00fchrende Seminare in der Praxis begleitet. Das erlernte Wissen wird praktisch erprobt und im Beruf unmittelbar umgesetzt.<\/p>\n<p>Dar\u00fcber hinaus reflektiert der Lehrgang die individuelle Pers\u00f6nlichkeitsentwicklung der TeilnehmerInnen. Er ist erwachsenengerecht, handlungsorientiert und gruppendynamisch angelegt.<\/p>\n<p><strong>Der Lehrgang besteht aus &#8230;<\/strong><\/p>\n<ul>\n<li>4 dreit\u00e4gigen Seminaren zur Vermittlung theoretischer Hintergr\u00fcnde und methodischer Kompetenzen<\/li>\n<li>einem zweit\u00e4giges Kolloquium ( =\u00a014 Tage in 9 Monaten)<\/li>\n<li><span style=\"line-height: 1.5;\">4 Einzelcoachings pro TeilnehmerIn zur Bearbeitung individueller Fragestellungen<\/span><\/li>\n<li><span style=\"line-height: 1.5;\">kollegialer Beratung in der Kleingruppe<\/span><\/li>\n<\/ul>\n<p>&nbsp;<\/p>\n<p><strong>Termine:<\/strong><\/p>\n<p>Modul I: 05.-07.11.2015<br \/>\nModul II: 14.-16.01.2016 (Ort: Hochschule RheinMain)<br \/>\nModul III: 10.-12.03.2016 (Ort: Hochschule RheinMain)<br \/>\nModul IV: 19.-21.05.2016<br \/>\nKolloquium: 01.-02.07.2016<\/p>\n<p>Modul I bis IV finden an der Hochschule RheinMain, Kurt-Schumacher-Ring 18, 65197 Wiesbaden statt. Das Kolloquium findet im Wilhelm-Kempf-Haus in Wiesbaden-Naurod statt.<\/p>\n<p>Termine der n\u00e4chsten Weiterbildung:<\/p>\n<p>Modul I: 22.-24.09.2016<br \/>\nModul II: 17.-19.11.2016<br \/>\nModul III: 26.-28.01.2017<br \/>\nModul IV: 16.-18.03.2017<br \/>\nKolloquium: 12.-13.05.2017<\/p>\n<p><strong>Meine Ko-Leiterin:\u00a0<\/strong><\/p>\n<p>Gabriele Schweickhardt<br \/>\nKommunikations \u2013 und Pr\u00e4sentationstrainerin, Dozentin f\u00fcr Medienrhetorik (Johannes-Gutenberg-Universit\u00e4t Mainz), Coach (FH), Mediatorin (FH)<br \/>\nwww.stimmbewusstsein.de<br \/>\ngs[at]stimmbewusstsein[.]de<\/p>\n<p>&nbsp;<\/p>\n<p>https:\/\/www.hs-rm.de\/sw\/forschung-weiterbildung\/weiterbildung\/qualifizierung-zum-trainerzur-trainerin\/index.html<\/p>\n","protected":false},"excerpt":{"rendered":"<p>QUALIFIZIERUNG ZUM TRAINER\/ZUR TRAINERIN Der Zertifikatslehrgang \u201eTrain the Trainer (FH)\u201c hat das Ziel, Mitarbeiter\/-innen im Schulungsbereich von Unternehmen, Quereinsteiger und Lehrende, die sich selbstst\u00e4ndig machen wollen, mit dem professionellem Handwerkszeug auszustatten, das sie als TrainerInnen brauchen. Diue Ausbildung unterst\u00fctzt Absolventen darin, \u00a0Lernveranstaltungen und Seminare situationslogisch und zielgruppengerecht aufzubauen, Inhalte professionell zu pr\u00e4sentieren und trainieren. Sie [&hellip;]<\/p>\n","protected":false},"author":3,"featured_media":62,"parent":57,"menu_order":0,"comment_status":"closed","ping_status":"closed","template":"","meta":{"jetpack_post_was_ever_published":false},"jetpack_sharing_enabled":true,"jetpack_shortlink":"https:\/\/wp.me\/P6Qyae-1k","_links":{"self":[{"href":"https:\/\/koschwitz-consulting.de\/index.php?rest_route=\/wp\/v2\/pages\/82"}],"collection":[{"href":"https:\/\/koschwitz-consulting.de\/index.php?rest_route=\/wp\/v2\/pages"}],"about":[{"href":"https:\/\/koschwitz-consulting.de\/index.php?rest_route=\/wp\/v2\/types\/page"}],"author":[{"embeddable":true,"href":"https:\/\/koschwitz-consulting.de\/index.php?rest_route=\/wp\/v2\/users\/3"}],"replies":[{"embeddable":true,"href":"https:\/\/koschwitz-consulting.de\/index.php?rest_route=%2Fwp%2Fv2%2Fcomments&post=82"}],"version-history":[{"count":4,"href":"https:\/\/koschwitz-consulting.de\/index.php?rest_route=\/wp\/v2\/pages\/82\/revisions"}],"predecessor-version":[{"id":100,"href":"https:\/\/koschwitz-consulting.de\/index.php?rest_route=\/wp\/v2\/pages\/82\/revisions\/100"}],"up":[{"embeddable":true,"href":"https:\/\/koschwitz-consulting.de\/index.php?rest_route=\/wp\/v2\/pages\/57"}],"wp:featuredmedia":[{"embeddable":true,"href":"https:\/\/koschwitz-consulting.de\/index.php?rest_route=\/wp\/v2\/media\/62"}],"wp:attachment":[{"href":"https:\/\/koschwitz-consulting.de\/index.php?rest_route=%2Fwp%2Fv2%2Fmedia&parent=82"}],"curies":[{"name":"wp","href":"https:\/\/api.w.org\/{rel}","templated":true}]}}