{"id":2,"date":"2014-11-23T16:52:39","date_gmt":"2014-11-23T16:52:39","guid":{"rendered":"http:\/\/koschwitz-consulting.de\/?page_id=2"},"modified":"2015-10-25T21:26:26","modified_gmt":"2015-10-25T20:26:26","slug":"beispiel-seite","status":"publish","type":"page","link":"https:\/\/koschwitz-consulting.de\/?page_id=2","title":{"rendered":"ZRM-Seminare"},"content":{"rendered":"<p style=\"text-align: left;\">Selbstmanagementtrainings mit dem ressourcenaktivierenden \u00a0Z\u00fcrcher Ressourcen Modell (ZRM\u00ae)\u00a0bieten eine hochwirksame Methode zur gezielten Entwicklung von Handlungspotentialen. ZRM wurde von Dr. Maja Storch und Dr. Frank Krause an der Universit\u00e4t Z\u00fcrich entwickelt und wird laufend durch wissenschaftliche Studien auf seine Wirksamkeit in den verschiedensten Bereichen \u00fcberpr\u00fcft.<\/p>\n<p style=\"text-align: left;\">Der n\u00e4chste\u00a0Grundkurs: 15. &#8211; 17.4.2016 \/ Hochschule Rheinmain, Wiesbaden<\/p>\n<p style=\"text-align: left;\">Link zur Anmeldung: https:\/\/www.hs-rm.de\/sw\/forschung-weiterbildung\/weiterbildung\/zrm-grundkurs\/index.html<\/p>\n<p>Aktuelle bereite ich ein Buchprojekt zum Thema AD(H)S und ZRM vor und bin \u00a0interessiert, mit AD(H)S-Menschen in Kontakt zu kommen, die sich f\u00fcr diese Methode interessieren.<\/p>\n","protected":false},"excerpt":{"rendered":"<p>Selbstmanagementtrainings mit dem ressourcenaktivierenden \u00a0Z\u00fcrcher Ressourcen Modell (ZRM\u00ae)\u00a0bieten eine hochwirksame Methode zur gezielten Entwicklung von Handlungspotentialen. ZRM wurde von Dr. Maja Storch und Dr. Frank Krause an der Universit\u00e4t Z\u00fcrich entwickelt und wird laufend durch wissenschaftliche Studien auf seine Wirksamkeit in den verschiedensten Bereichen \u00fcberpr\u00fcft. Der n\u00e4chste\u00a0Grundkurs: 15. &#8211; 17.4.2016 \/ Hochschule Rheinmain, Wiesbaden Link [&hellip;]<\/p>\n","protected":false},"author":1,"featured_media":72,"parent":57,"menu_order":0,"comment_status":"closed","ping_status":"closed","template":"page-templates\/full-width.php","meta":{"jetpack_post_was_ever_published":false},"jetpack_sharing_enabled":true,"jetpack_shortlink":"https:\/\/wp.me\/P6Qyae-2","_links":{"self":[{"href":"https:\/\/koschwitz-consulting.de\/index.php?rest_route=\/wp\/v2\/pages\/2"}],"collection":[{"href":"https:\/\/koschwitz-consulting.de\/index.php?rest_route=\/wp\/v2\/pages"}],"about":[{"href":"https:\/\/koschwitz-consulting.de\/index.php?rest_route=\/wp\/v2\/types\/page"}],"author":[{"embeddable":true,"href":"https:\/\/koschwitz-consulting.de\/index.php?rest_route=\/wp\/v2\/users\/1"}],"replies":[{"embeddable":true,"href":"https:\/\/koschwitz-consulting.de\/index.php?rest_route=%2Fwp%2Fv2%2Fcomments&post=2"}],"version-history":[{"count":13,"href":"https:\/\/koschwitz-consulting.de\/index.php?rest_route=\/wp\/v2\/pages\/2\/revisions"}],"predecessor-version":[{"id":108,"href":"https:\/\/koschwitz-consulting.de\/index.php?rest_route=\/wp\/v2\/pages\/2\/revisions\/108"}],"up":[{"embeddable":true,"href":"https:\/\/koschwitz-consulting.de\/index.php?rest_route=\/wp\/v2\/pages\/57"}],"wp:featuredmedia":[{"embeddable":true,"href":"https:\/\/koschwitz-consulting.de\/index.php?rest_route=\/wp\/v2\/media\/72"}],"wp:attachment":[{"href":"https:\/\/koschwitz-consulting.de\/index.php?rest_route=%2Fwp%2Fv2%2Fmedia&parent=2"}],"curies":[{"name":"wp","href":"https:\/\/api.w.org\/{rel}","templated":true}]}}