{"id":124,"date":"2023-05-05T11:02:27","date_gmt":"2023-05-05T10:02:27","guid":{"rendered":"https:\/\/koschwitz-consulting.de\/?page_id=124"},"modified":"2023-05-05T11:02:27","modified_gmt":"2023-05-05T10:02:27","slug":"datenschutz","status":"publish","type":"page","link":"https:\/\/koschwitz-consulting.de\/?page_id=124","title":{"rendered":"Datenschutz"},"content":{"rendered":"\n<h5 class=\"wp-block-heading\">Allgemeines<\/h5>\n\n\n\n<p>Wir nehmen den Schutz Ihrer personen\u00adbezoge\u00adnen Daten bei der Erhe\u00adbung, Verar\u00adbeitung und Nutzung anl\u00e4ss\u00adlich Ihres Besuchs auf unserer Home\u00adpage sehr ernst. Ihre Daten werden im Rahmen der gesetz\u00adlichen Vor\u00adschrif\u00adten ge\u00adsch\u00fctzt. Nach\u00adfolgend finden Sie Infor\u00adma\u00adtio\u00adnen, welche Daten w\u00e4hrend Ihres Besuchs auf unserer Webs\u00adeite erfasst und wie diese genutzt werden.<\/p>\n\n\n\n<p>Grunds\u00e4tzlich k\u00f6nnen Sie die meisten Infor\u00admatio\u00adnen dieser Webseite ohne die Angabe von personen\u00adbezoge\u00adnen Daten nutzen. Ab\u00adweichende Rege\u00adlungen f\u00fcr be\u00adstimmte Service\u00adleistungen finden Sie nach\u00adstehend.<\/p>\n\n\n\n<h5 class=\"wp-block-heading\">Cookies<\/h5>\n\n\n\n<p>Diese Webseite verwendet  Session-Cookies die zur leichteren Bedienung der Webseite beitragen.<\/p>\n\n\n\n<h5 class=\"wp-block-heading\">Serverdaten<\/h5>\n\n\n\n<p>Mit unserem Webspace-Provider (Ionos) besteht ein Vertrag zur Auftrags\u00addaten\u00adverarbeitung.<\/p>\n\n\n\n<p>Jeder Zugriff auf unsere Home\u00adpage und jeder Abruf einer auf dieser Web\u00adseite hinter\u00adlegten Datei werden von unserem Web\u00adspace-Provider proto\u00adkolliert. Die Speiche\u00adrung dient inter\u00adnen system\u00adbezoge\u00adnen und stati\u00adsti\u00adschen Zwecken. Proto\u00adkolliert werden:<\/p>\n\n\n\n<ul>\n<li>Name der abgerufenen Webseite<\/li>\n\n\n\n<li>Datum und Uhrzeit des Abrufs<\/li>\n\n\n\n<li>\u00fcbertragene Datenmenge<\/li>\n\n\n\n<li>Webbrowser (Typ und Version)<\/li>\n\n\n\n<li>anfragende Domain<\/li>\n\n\n\n<li>Ihre IP-Adresse (Internet Protokoll)<\/li>\n<\/ul>\n\n\n\n<p>Diese Daten sind anonym und lassen keine R\u00fcck\u00adschl\u00fcsse auf eine bestimmte Person zu.<\/p>\n\n\n\n<p>Weitergehende personen\u00adbezogene Daten werden nur erfasst, wenn Sie diese Angaben frei\u00adwillig, etwa im Rahmen einer Anfrage oder Regi\u00adstrie\u00adrung, machen; dies gilt aus\u00addr\u00fcck\u00adlich auch f\u00fcr Name, Adresse, Telefon\u00adnummer und E-Mail-Adresse.<\/p>\n\n\n\n<p>Die Daten\u00fcbertragung zwischen dem Server unserer Webseite und den Internet-Browsern der Nutzer erfolgt ver\u00adschl\u00fcsselt (SSL-Zertifikat). Wir weisen aber darauf hin, dass die internet\u00adbasierte Daten\u00ad\u00fcber\u00adtragung Sicher\u00adheits\u00adl\u00fccken aufweist, ein l\u00fccken\u00adloser Schutz vor Zu\u00adgrif\u00adfen durch Dritte somit un\u00adm\u00f6glich ist.<\/p>\n\n\n\n<h5 class=\"wp-block-heading\">Personenbezogene Daten<\/h5>\n\n\n\n<p>Soweit Sie uns personen\u00adbezogene Daten zur Ver\u00adf\u00fcgung gestellt haben, ver\u00adwenden wir diese nur zur Beant\u00adwor\u00adtung Ihrer An\u00adfragen, zur Erf\u00fcl\u00adlung Ihres Auftrags und zur Ab\u00adwick\u00adlung von mit Ihnen ge\u00adschlos\u00adsenen Ver\u00adtr\u00e4gen.<\/p>\n\n\n\n<p>Ihre personenbezogenen Daten werden an Dritte nur weiter\u00adgegeben oder sonst \u00fcber\u00admittelt, wenn dies zum Zwecke der Vertrags\u00adabwick\u00adlung oder zu Abrechnungs\u00adzwecken erforder\u00adlich ist oder Sie zuvor ein\u00adgewilligt haben. Dar\u00fcber hinaus werden wir ohne Ihre Ein\u00adwilli\u00adgung keine von Ihnen zur Ver\u00adf\u00fcgung gestell\u00adten pers\u00f6n\u00adlichen Daten an Dritte weiter\u00adgeben.<\/p>\n\n\n\n<h5 class=\"wp-block-heading\">Einwilligung<\/h5>\n\n\n\n<p>Soweit wir Daten f\u00fcr einen Zweck nutzen, der nach den gesetzlichen Bestimmungen Ihre Einwilligung erfordert, werden wir Sie stets um Ihr ausdr\u00fcckliches Einverst\u00e4ndnis bitten und Ihre Einwilligung gem\u00e4\u00df den datenschutzrechtlichen Vorschriften protokollieren.<\/p>\n\n\n\n<h5 class=\"wp-block-heading\">Auskunft, Berichtigung, Widerruf<\/h5>\n\n\n\n<p>Sie k\u00f6nnen jederzeit schriftlich Aus\u00adkunft \u00fcber Ihre bei uns ge\u00adspeicher\u00adten personen\u00adbezoge\u00adnen Daten ein\u00adfordern.<\/p>\n\n\n\n<p>Sie k\u00f6nnen jederzeit eine Berichti\u00adgung Ihrer bei uns ge\u00adspeicher\u00adten personen\u00adbezoge\u00adnen Daten ein\u00adfordern.<\/p>\n\n\n\n<p>Sie haben jederzeit das Recht, eine erteilte Ein\u00adwilli\u00adgung zur Speiche\u00adrung Ihrer personen\u00adbezoge\u00adnen Daten mit Wirkung f\u00fcr die Zukunft zu wider\u00adrufen.<\/p>\n\n\n\n<h5 class=\"wp-block-heading\">L\u00f6schung<\/h5>\n\n\n\n<p>Die L\u00f6schung Ihrer von uns gespeicher\u00adten personen\u00adbezoge\u00adnen Daten erfolgt, wenn<\/p>\n\n\n\n<ul>\n<li>Sie dies schriftlich beantragen<\/li>\n\n\n\n<li>Sie Ihre Einwilligung zur Speiche\u00adrung schrift\u00adlich wider\u00adrufen<\/li>\n\n\n\n<li>deren Kenntnis zur Erf\u00fcllung des mit der Speiche\u00adrung ver\u00adfolgten Zwecks nicht mehr erforder\u00adlich ist<\/li>\n\n\n\n<li>deren Speicherung aus sonstigen gesetz\u00adlichen Gr\u00fcnden un\u00adzu\u00adl\u00e4ssig ist.<\/li>\n<\/ul>\n\n\n\n<h5 class=\"wp-block-heading\">Kontaktdaten<\/h5>\n\n\n\n<p>Um eine unent\u00adgelt\u00adlichen Aus\u00adkunft, Berich\u00adti\u00adgung oder L\u00f6schung Ihrer personen\u00adbezoge\u00adnen Daten bei uns zu beantragen, ver\u00adwenden Sie bitte folgende Kontakt\u00addaten:<br><\/p>\n\n\n\n<p><strong><em>K<\/em><\/strong><em><strong>o<\/strong><\/em>schwitz<strong><em>Con<\/em><\/strong>sulting<br>Borngasse 13<br>55278 Dalheim<br>E-Mail: info<img decoding=\"async\" src=\"https:\/\/i0.wp.com\/live2line.com\/web\/pics\/logos\/at13.png?w=640&#038;ssl=1\" alt=\"at\" data-recalc-dims=\"1\">koschwitz-consulting.de<\/p>\n\n\n\n<h5 class=\"wp-block-heading\">Recht auf Beschwerde<\/h5>\n\n\n\n<p>Sie haben das Recht auf Beschwerde bei einer Aufsichtsbeh\u00f6rde, wenn Sie der Ansicht sind, dass die Verarbeitung der sie betreffenden personenbezogenen Daten gegen die DSGVO verst\u00f6\u00dft. Die Adresse der zust\u00e4ndigen Aufsichtsbeh\u00f6rde lautet:<br><\/p>\n\n\n\n<p>Der Landesbauftragte f\u00fcr den Datenschutz und die Informationsfreiheit<br>Rheinland-Pfalz<br>Postfach 3040<br>55020 Mainz<br>E-Mail: poststelle<img decoding=\"async\" src=\"https:\/\/i0.wp.com\/live2line.com\/web\/pics\/logos\/at13.png?w=640&#038;ssl=1\" alt=\"at\" data-recalc-dims=\"1\">datenschutz.rlp.de<\/p>\n","protected":false},"excerpt":{"rendered":"<p>Allgemeines Wir nehmen den Schutz Ihrer personen\u00adbezoge\u00adnen Daten bei der Erhe\u00adbung, Verar\u00adbeitung und Nutzung anl\u00e4ss\u00adlich Ihres Besuchs auf unserer Home\u00adpage sehr ernst. Ihre Daten werden im Rahmen der gesetz\u00adlichen Vor\u00adschrif\u00adten ge\u00adsch\u00fctzt. Nach\u00adfolgend finden Sie Infor\u00adma\u00adtio\u00adnen, welche Daten w\u00e4hrend Ihres Besuchs auf unserer Webs\u00adeite erfasst und wie diese genutzt werden. Grunds\u00e4tzlich k\u00f6nnen Sie die meisten Infor\u00admatio\u00adnen [&hellip;]<\/p>\n","protected":false},"author":2,"featured_media":0,"parent":0,"menu_order":0,"comment_status":"closed","ping_status":"closed","template":"","meta":{"jetpack_post_was_ever_published":false},"jetpack_sharing_enabled":true,"jetpack_shortlink":"https:\/\/wp.me\/P6Qyae-20","_links":{"self":[{"href":"https:\/\/koschwitz-consulting.de\/index.php?rest_route=\/wp\/v2\/pages\/124"}],"collection":[{"href":"https:\/\/koschwitz-consulting.de\/index.php?rest_route=\/wp\/v2\/pages"}],"about":[{"href":"https:\/\/koschwitz-consulting.de\/index.php?rest_route=\/wp\/v2\/types\/page"}],"author":[{"embeddable":true,"href":"https:\/\/koschwitz-consulting.de\/index.php?rest_route=\/wp\/v2\/users\/2"}],"replies":[{"embeddable":true,"href":"https:\/\/koschwitz-consulting.de\/index.php?rest_route=%2Fwp%2Fv2%2Fcomments&post=124"}],"version-history":[{"count":1,"href":"https:\/\/koschwitz-consulting.de\/index.php?rest_route=\/wp\/v2\/pages\/124\/revisions"}],"predecessor-version":[{"id":126,"href":"https:\/\/koschwitz-consulting.de\/index.php?rest_route=\/wp\/v2\/pages\/124\/revisions\/126"}],"wp:attachment":[{"href":"https:\/\/koschwitz-consulting.de\/index.php?rest_route=%2Fwp%2Fv2%2Fmedia&parent=124"}],"curies":[{"name":"wp","href":"https:\/\/api.w.org\/{rel}","templated":true}]}}